{"id":37,"date":"2022-01-16T20:15:34","date_gmt":"2022-01-16T20:15:34","guid":{"rendered":"https:\/\/semnul.com\/carpathian\/?page_id=37"},"modified":"2026-05-09T11:24:25","modified_gmt":"2026-05-09T11:24:25","slug":"home-2","status":"publish","type":"page","link":"https:\/\/semnul.com\/carpathian\/home-2\/","title":{"rendered":"Editorial Board"},"content":{"rendered":"\n<p class=\"has-accent-color has-text-color\">Founding Editor-in-Chief:<\/p>\n\n\n\n<p class=\"\">Vasile BERINDE (Technical University of Cluj-Napoca, North University Center at Baia Mare (NUCBM), Romania; e-mail: vasile.berinde(at)mi.utcluj.ro)<\/p>\n\n\n\n<p class=\"has-accent-color has-text-color has-link-color wp-elements-66979228f8c3bbd19567f2808fbef7bf\">Managing Editor<\/p>\n\n\n\n<p class=\"\">Zoita BERINDE, North University Center at Baia Mare, Technical University of Cluj-Napoca (NUCBM), Romania (zoita.berinde (at) cb.utcluj.ro)<\/p>\n\n\n\n<p class=\"has-accent-color has-text-color\">Editors<\/p>\n\n\n\n<p class=\"\">\u2022 Qamrul Hasan ANSARI, Aligarh University, India (qhansari(at)gmail.com)<\/p>\n\n\n\n<p class=\"\">\u2022 Mircea BALAJ, University of Oradea, Romania (mbalaj(at)uoradea.ro)<\/p>\n\n\n\n<p class=\"\">\u2022 Dan COROIAN, Purdue University Fort Wayne, U.S.A. (CoroianD (at) pfw.edu)<\/p>\n\n\n\n<p class=\"\">\u2022 Ovidiu&nbsp;COSMA,&nbsp;Technical University of Cluj-Napoca \u2013 CUNBM, Romania&nbsp;(ovidiu.cosma(at)yahoo.com)<\/p>\n\n\n\n<p class=\"\">\u2022 Andrei&nbsp;HORVAT-MARC,&nbsp;Technical University of Cluj-Napoca \u2013 CUNBM, Romania&nbsp;(andrei.horvatmarc(at)gmail.com)<\/p>\n\n\n\n<p class=\"\">\u2022 Petar KENDEROV, Bulgarian Academy of Sciences, Bulgaria (pkend(at)math.bas.bg)<\/p>\n\n\n\n<p class=\"\">\u2022 Abdul Rahim KHAN, King Fahd University of Petroleum and Minerals, Saudi Arabia (arahim(at)kfupm.edu.sa)<\/p>\n\n\n\n<p class=\"\">\u2022 Dan MICL\u0102U\u0218, Technical University of Cluj-Napoca \u2013 CUNBM, Romania&nbsp;(dan.miclaus(at)mi.utcluj.ro)<\/p>\n\n\n\n<p class=\"\">\u2022 Anton MURE\u0218AN, \u201cBabe\u0219-Bolyai\u201d University of Cluj-Napoca, Romania (amuresan(at)math.ubbcluj.ro)<\/p>\n\n\n\n<p class=\"\">\u2022 M\u0103d\u0103lina P\u0102CURAR, Babe\u0219-Bolyai University of Cluj-Napoca, e-mail: madalina.pacurar(at)econ.ubbcluj.ro<\/p>\n\n\n\n<p class=\"\">\u2022 Marcin PAPRZYCKI, Systems Research Institute Polish Academy of Sciences (paprzyck(at)ibspan.waw.pl)<\/p>\n\n\n\n<p class=\"\">\u2022 Laurian PI\u0218CORAN, Technical University of Cluj-Napoca \u2013 CUNBM, Romania&nbsp;(plaurian(at)yahoo.com)<\/p>\n\n\n\n<p class=\"\">\u2022 Nicolae POP, Technical University of Cluj-Napoca \u2013 CUNBM, Romania&nbsp;(nicpop(at)ubm.ro)<\/p>\n\n\n\n<p class=\"\">\u2022 Petrica POP, Technical University of Cluj-Napoca \u2013 CUNBM, Romania&nbsp;(pop_petrica(at)yahoo.com)<\/p>\n\n\n\n<p class=\"\">\u2022 Radu PRECUP, \u201cBabe\u0219-Bolyai\u201d University of Cluj-Napoca, Romania (r.precup(at)math.ubbcluj.ro)<\/p>\n\n\n\n<p class=\"\">\u2022 Ioan RA\u0218A, Technical University of Cluj-Napoca, Romania (ioan.rasa(at)math.utcluj.ro)<\/p>\n\n\n\n<p class=\"\">\u2022 Ioan A. RUS, \u201cBabe\u0219-Bolyai\u201d University of Cluj-Napoca, Romania (iarus(at)math.ubbcluj.ro)<\/p>\n\n\n\n<p class=\"\">\u2022 Cosmin&nbsp;SABO,&nbsp;Technical University of Cluj-Napoca \u2013 CUNBM, Romania&nbsp;(cosmin.sabo(at)mi.utcluj.ro)<\/p>\n\n\n\n<p class=\"\">\u2022 Adina&nbsp;Lumini\u021ba SASU,&nbsp;West University of Timi\u0219oara, Romania&nbsp;(adina.sasu(at)e-uvt.ro)<\/p>\n\n\n\n<p class=\"\">\u2022 Naseer SHAHZAD, King Abdulaziz University, Saudi Arabia (nshahzad(at)kau.edu.sa)<\/p>\n\n\n\n<p class=\"\">\u2022 Hari M. SRIVASTAVA, University of Victoria, Canada (harimsri(at)math.uvic.ca)<\/p>\n\n\n\n<p class=\"\">\u2022 Suthep SUANTAI, Chiang Mai University, Thailand (suthep.s(at)cmu.ac.th)<\/p>\n\n\n\n<p class=\"\">\u2022 Ioan TOMESCU, University of Bucharest, Romania (ioan(at)fmi.unibuc.ro)<\/p>\n\n\n\n<p class=\"\">\u2022 Hong-Kun XU, Hangzhou Dianzi University, China (xuhk(at)hdu.edu.cn)<\/p>\n\n\n\n<p class=\"\">\u2022 Tudor ZAMFIRESCU, University of Dortmund, Germany (tudor.zamfirescu(at)mathematik.uni-dortmund.de)<\/p>\n\n\n\n<p class=\"has-accent-color has-text-color\">Technical Editors<\/p>\n\n\n\n<p class=\"\">\u2022 Andrei&nbsp;HORVAT-MARC (andrei.horvatmarc(at)gmail.com),&nbsp;Monica Adela&nbsp;POP (monica_adela_pop(at)yahoo.com),&nbsp;Cosmin&nbsp;SABO (cosmin.sabo(at)mi.utcluj.ro),&nbsp;Technical University of Cluj-Napoca \u2013 CUNBM, Romania<\/p>\n","protected":false},"excerpt":{"rendered":"<p>Founding Editor-in-Chief: Vasile BERINDE (Technical University of Cluj-Napoca, North University Center at Baia Mare (NUCBM), Romania; e-mail: vasile.berinde(at)mi.utcluj.ro) Managing Editor Zoita BERINDE, North University Center at Baia Mare, Technical University of Cluj-Napoca (NUCBM), Romania (zoita.berinde (at) cb.utcluj.ro) Editors \u2022 Qamrul Hasan ANSARI, Aligarh University, India (qhansari(at)gmail.com) \u2022 Mircea BALAJ, University of Oradea, Romania (mbalaj(at)uoradea.ro) \u2022 [&hellip;]<\/p>\n","protected":false},"author":1,"featured_media":0,"parent":0,"menu_order":0,"comment_status":"closed","ping_status":"closed","template":"","meta":{"nf_dc_page":"","WB4WB4WP_MODE":"","WB4WP_PAGE_SCRIPTS":"","WB4WP_PAGE_STYLES":"","WB4WP_PAGE_FONTS":"","WB4WP_PAGE_HEADER":"","WB4WP_PAGE_FOOTER":"","footnotes":""},"class_list":["post-37","page","type-page","status-publish","hentry"],"jetpack_sharing_enabled":true,"_links":{"self":[{"href":"https:\/\/semnul.com\/carpathian\/wp-json\/wp\/v2\/pages\/37","targetHints":{"allow":["GET"]}}],"collection":[{"href":"https:\/\/semnul.com\/carpathian\/wp-json\/wp\/v2\/pages"}],"about":[{"href":"https:\/\/semnul.com\/carpathian\/wp-json\/wp\/v2\/types\/page"}],"author":[{"embeddable":true,"href":"https:\/\/semnul.com\/carpathian\/wp-json\/wp\/v2\/users\/1"}],"replies":[{"embeddable":true,"href":"https:\/\/semnul.com\/carpathian\/wp-json\/wp\/v2\/comments?post=37"}],"version-history":[{"count":5,"href":"https:\/\/semnul.com\/carpathian\/wp-json\/wp\/v2\/pages\/37\/revisions"}],"predecessor-version":[{"id":2013,"href":"https:\/\/semnul.com\/carpathian\/wp-json\/wp\/v2\/pages\/37\/revisions\/2013"}],"wp:attachment":[{"href":"https:\/\/semnul.com\/carpathian\/wp-json\/wp\/v2\/media?parent=37"}],"curies":[{"name":"wp","href":"https:\/\/api.w.org\/{rel}","templated":true}]}}